{"id":63954,"date":"2019-12-31T13:12:17","date_gmt":"2019-12-31T13:12:17","guid":{"rendered":"https:\/\/straypaws-swiss.ch\/wp\/?page_id=63954"},"modified":"2021-10-24T18:55:51","modified_gmt":"2021-10-24T18:55:51","slug":"mittelmeerkrankheiten","status":"publish","type":"page","link":"https:\/\/straypaws-swiss.ch\/wp\/infos\/mittelmeerkrankheiten\/","title":{"rendered":"Mittelmeerkrankheiten"},"content":{"rendered":"\t\t<div data-elementor-type=\"wp-page\" data-elementor-id=\"63954\" class=\"elementor elementor-63954\" data-elementor-post-type=\"page\">\n\t\t\t\t\t\t<section class=\"elementor-section elementor-top-section elementor-element elementor-element-18aa23f elementor-section-boxed elementor-section-height-default elementor-section-height-default\" data-id=\"18aa23f\" data-element_type=\"section\" data-e-type=\"section\">\n\t\t\t\t\t\t<div class=\"elementor-container elementor-column-gap-default\">\n\t\t\t\t\t<div class=\"elementor-column elementor-col-100 elementor-top-column elementor-element elementor-element-7747024\" data-id=\"7747024\" data-element_type=\"column\" data-e-type=\"column\">\n\t\t\t<div class=\"elementor-widget-wrap elementor-element-populated\">\n\t\t\t\t\t\t<div class=\"elementor-element elementor-element-5e345d3 elementor-widget elementor-widget-heading\" data-id=\"5e345d3\" data-element_type=\"widget\" data-e-type=\"widget\" data-widget_type=\"heading.default\">\n\t\t\t\t<div class=\"elementor-widget-container\">\n\t\t\t\t\t<h1 class=\"elementor-heading-title elementor-size-default\">MITTELMEER-KRANKHEITEN:<\/h1>\t\t\t\t<\/div>\n\t\t\t\t<\/div>\n\t\t\t\t<div class=\"elementor-element elementor-element-d0d92ab elementor-widget-divider--view-line elementor-widget elementor-widget-divider\" data-id=\"d0d92ab\" data-element_type=\"widget\" data-e-type=\"widget\" data-widget_type=\"divider.default\">\n\t\t\t\t<div class=\"elementor-widget-container\">\n\t\t\t\t\t\t\t<div class=\"elementor-divider\">\n\t\t\t<span class=\"elementor-divider-separator\">\n\t\t\t\t\t\t<\/span>\n\t\t<\/div>\n\t\t\t\t\t\t<\/div>\n\t\t\t\t<\/div>\n\t\t\t\t\t<\/div>\n\t\t<\/div>\n\t\t\t\t\t<\/div>\n\t\t<\/section>\n\t\t\t\t<section class=\"elementor-section elementor-top-section elementor-element elementor-element-612a4e99 elementor-section-boxed elementor-section-height-default elementor-section-height-default\" data-id=\"612a4e99\" data-element_type=\"section\" data-e-type=\"section\">\n\t\t\t\t\t\t<div class=\"elementor-container elementor-column-gap-default\">\n\t\t\t\t\t<div class=\"elementor-column elementor-col-100 elementor-top-column elementor-element elementor-element-206fcf23\" data-id=\"206fcf23\" data-element_type=\"column\" data-e-type=\"column\">\n\t\t\t<div class=\"elementor-widget-wrap elementor-element-populated\">\n\t\t\t\t\t\t<div class=\"elementor-element elementor-element-5b41ff42 elementor-widget elementor-widget-text-editor\" data-id=\"5b41ff42\" data-element_type=\"widget\" data-e-type=\"widget\" data-widget_type=\"text-editor.default\">\n\t\t\t\t<div class=\"elementor-widget-container\">\n\t\t\t\t\t\t\t\t\t<h2>Als Mittelmeerkrankheit werden in der Umgangssprache typische, vor allem im Mittelmeerraum beheimatete Erkrankungen bezeichnet.<\/h2><p>\u00a0<\/p><p>Beim Hund gelten als typische \u201eMittelmeerkrankheiten\u201c:<\/p><ul><li>Ehrlichiose<\/li><li>Leishmaniose<\/li><li>Babesiose<\/li><li>Anaplasmose<\/li><li>Herzwurmerkrankung<\/li><\/ul><h3>Der Begriff \u201eMittelmeerkrankheit\u201c ist aus zwei Gr\u00fcnden nicht sinnvoll:<\/h3><p>Zum einen kommen diese Erkrankungen auch in anderen subtropischen und tropischen Gebieten vor, weshalb Tier\u00e4rzte h\u00e4ufiger der Begriff \u201eReisekrankheiten\u201c verwenden. Und zum anderen sind einige dieser Erkrankungen mittlerweile auch in Mitteleuropa heimisch.<\/p><blockquote><p>\u201eBegegne dem was auf Dich zukommt nicht mit Angst, sondern mit Hoffnung!\u201c<\/p><\/blockquote><h2>\u00a0<\/h2><h2>Wie gehen wir bei Stray Paws mit diesen Erkrankungen um?<\/h2><p>\u00a0<\/p><p>Alle unsere Fellnasen die wir vermitteln, werden, bei Aufnahme und bevor sie ihre grosse Reise ins Gl\u00fcck antreten, auf die bekanntesten Mittelmeerkrankheiten getestet. Dazu verwenden unsere Tier\u00e4rzte sogenannte Spot-on-Schnelltests, die durch Antik\u00f6rpernachweise, \u00e4usserst zuverl\u00e4ssige Ergebnisse liefern. Sollte einer dieser Tests positiv ausfallen, wird sofort mit der Medikation begonnen \u2013 auch wenn keinerlei Krankheitssymptome erkennbar sind. Gerade bei Ehrlichiose haben wir damit hervorragende Ergebnisse hinsichtlich der Behandlung dieser Krankheit erzielt.<\/p><p>Trotzdem m\u00f6chten wir darauf hinweisen, dass selbst wenn das Ergebnis bis zum Check vor Ausreise negativ ausf\u00e4llt, es anzuraten ist, den Test nach etwa einem halben Jahr wiederholen zu lassen. Denn vom Tag der Blutuntersuchung bis zur Abreise ist es m\u00f6glich, dass sich das Tier doch noch Parasiten einf\u00e4ngt. Ebenso empfehlen wir die Tests danach j\u00e4hrlich durchzuf\u00fchren, da einige Mittelmeerkrankheiten Inkubationszeiten von mehreren Jahren haben k\u00f6nnen.<\/p><h3>\u00a0<\/h3><h3>Was ist zu tun, wenn ein adoptierter Hund positiv getestet wurde \u2013 sei es direkt vor Ausreise oder bei dem empfohlenem Nachtest?<\/h3><p>\u00a0<\/p><p>Wir k\u00f6nnen nur dazu raten, sich einen Tierarzt zu suchen, der sich wirklich mit den sogenannten Mittelmeerkrankheiten auskennt. Niemandem ist gedient, wenn man sich verr\u00fcckt macht und diverse unn\u00f6tige Bluttests durchf\u00fchren l\u00e4sst.<\/p><p>Die meisten dieser Krankheiten, auch Ehrlichiose, sind gut behandelbar. Fr\u00fcherkennung ist notwendig, um den Hund so schnell wie m\u00f6glich zu therapieren und um Folgesch\u00e4den zu verhindern. Sterblichkeitsraten sinken, weil sich immer mehr Tier\u00e4rzte informieren und die passende Therapie einleiten.<\/p><p>Die Leishmaniose bleibt eine unheilbare Erkrankung, aber auch ein infizierter Hund kann mit den richtigen Medikamenten ein gl\u00fcckliches, langes, sorgenfreies Leben f\u00fchren.\u00a0Die Kosten f\u00fcr ben\u00f6tigte Medikamente und Therapien sind \u00fcberschaubar.<\/p><p>Man muss sich bewusst sein, dass es sich\u00a0NICHT\u00a0um Seuchen handelt, sondern um parasit\u00e4re Krankheiten. Das heisst, sie brauchen einen \u00dcbertr\u00e4ger, wie Zecken oder M\u00fccken, um sich auszubreiten. Parasiten-Prophylaxe ist deshalb das Wichtigste! Auch hier bei uns in der Schweiz, denn auch wir haben \u00e4hnliche Parasiten, die Probleme machen, wie z.B. die Borreliose.\u00a0Panikmache hilft hier Keinem weiter!<\/p>\t\t\t\t\t\t\t\t<\/div>\n\t\t\t\t<\/div>\n\t\t\t\t\t<\/div>\n\t\t<\/div>\n\t\t\t\t\t<\/div>\n\t\t<\/section>\n\t\t\t\t<\/div>\n\t\t","protected":false},"excerpt":{"rendered":"<p>MITTELMEER-KRANKHEITEN: Als Mittelmeerkrankheit werden in der Umgangssprache typische, vor allem im Mittelmeerraum beheimatete Erkrankungen bezeichnet. \u00a0 Beim Hund gelten als typische \u201eMittelmeerkrankheiten\u201c: Ehrlichiose Leishmaniose Babesiose Anaplasmose Herzwurmerkrankung Der Begriff \u201eMittelmeerkrankheit\u201c ist aus zwei Gr\u00fcnden nicht sinnvoll: Zum einen kommen diese Erkrankungen auch in anderen subtropischen und tropischen Gebieten vor, weshalb Tier\u00e4rzte h\u00e4ufiger der Begriff \u201eReisekrankheiten\u201c [&hellip;]<\/p>\n","protected":false},"author":1,"featured_media":83010,"parent":63918,"menu_order":0,"comment_status":"closed","ping_status":"closed","template":"elementor_header_footer","meta":{"footnotes":""},"class_list":["post-63954","page","type-page","status-publish","has-post-thumbnail","hentry"],"_links":{"self":[{"href":"https:\/\/straypaws-swiss.ch\/wp\/wp-json\/wp\/v2\/pages\/63954","targetHints":{"allow":["GET"]}}],"collection":[{"href":"https:\/\/straypaws-swiss.ch\/wp\/wp-json\/wp\/v2\/pages"}],"about":[{"href":"https:\/\/straypaws-swiss.ch\/wp\/wp-json\/wp\/v2\/types\/page"}],"author":[{"embeddable":true,"href":"https:\/\/straypaws-swiss.ch\/wp\/wp-json\/wp\/v2\/users\/1"}],"replies":[{"embeddable":true,"href":"https:\/\/straypaws-swiss.ch\/wp\/wp-json\/wp\/v2\/comments?post=63954"}],"version-history":[{"count":0,"href":"https:\/\/straypaws-swiss.ch\/wp\/wp-json\/wp\/v2\/pages\/63954\/revisions"}],"up":[{"embeddable":true,"href":"https:\/\/straypaws-swiss.ch\/wp\/wp-json\/wp\/v2\/pages\/63918"}],"wp:featuredmedia":[{"embeddable":true,"href":"https:\/\/straypaws-swiss.ch\/wp\/wp-json\/wp\/v2\/media\/83010"}],"wp:attachment":[{"href":"https:\/\/straypaws-swiss.ch\/wp\/wp-json\/wp\/v2\/media?parent=63954"}],"curies":[{"name":"wp","href":"https:\/\/api.w.org\/{rel}","templated":true}]}}